{"id":216253,"date":"2019-11-08T12:27:15","date_gmt":"2019-11-08T18:27:15","guid":{"rendered":"https:\/\/dalecafe.com\/producto\/suscripcion\/"},"modified":"2025-12-06T11:49:12","modified_gmt":"2025-12-06T17:49:12","slug":"suscripcion","status":"publish","type":"product","link":"https:\/\/dalecafe.com\/en\/product\/suscripcion\/","title":{"rendered":"Subscription"},"content":{"rendered":"<p>[et_pb_section fb_built=&#8221;1&#8243; admin_label=&#8221;Suscripcion&#8221; module_id=&#8221;elegircafe&#8221; module_class=&#8221;elegircafe&#8221; _builder_version=&#8221;4.16&#8243; custom_margin=&#8221;||||false|false&#8221; custom_margin_tablet=&#8221;&#8221; custom_margin_phone=&#8221;0px||||false|false&#8221; custom_margin_last_edited=&#8221;on|desktop&#8221; custom_padding=&#8221;25px||0px|||&#8221; z_index_tablet=&#8221;500&#8243; box_shadow_horizontal_tablet=&#8221;0px&#8221; box_shadow_vertical_tablet=&#8221;0px&#8221; box_shadow_blur_tablet=&#8221;40px&#8221; box_shadow_spread_tablet=&#8221;0px&#8221; collapsed=&#8221;on&#8221; global_colors_info=&#8221;{}&#8221;][et_pb_row module_id=&#8221;dalecafe&#8221; _builder_version=&#8221;4.16&#8243; width_tablet=&#8221;&#8221; width_phone=&#8221;100%&#8221; width_last_edited=&#8221;on|phone&#8221; max_width_tablet=&#8221;&#8221; max_width_phone=&#8221;100%&#8221; max_width_last_edited=&#8221;on|phone&#8221; custom_margin=&#8221;33px|auto||auto||&#8221; custom_padding=&#8221;0px||0px|||&#8221; z_index_tablet=&#8221;500&#8243; box_shadow_horizontal_tablet=&#8221;0px&#8221; box_shadow_vertical_tablet=&#8221;0px&#8221; box_shadow_blur_tablet=&#8221;40px&#8221; box_shadow_spread_tablet=&#8221;0px&#8221; global_colors_info=&#8221;{}&#8221;][et_pb_column type=&#8221;4_4&#8243; _builder_version=&#8221;4.16&#8243; custom_padding=&#8221;|||&#8221; global_colors_info=&#8221;{}&#8221; custom_padding__hover=&#8221;|||&#8221;][et_pb_text _builder_version=&#8221;4.16&#8243; text_font=&#8221;||||||||&#8221; header_font=&#8221;dalecafe-main|100|||||||&#8221; header_text_align=&#8221;center&#8221; header_text_color=&#8221;#679FD4&#8243; header_font_size=&#8221;22px&#8221; header_letter_spacing=&#8221;3px&#8221; header_2_font=&#8221;dalecafe-bold|800|||||||&#8221; header_2_text_align=&#8221;center&#8221; header_2_text_color=&#8221;#679FD4&#8243; header_2_font_size=&#8221;34px&#8221; header_2_letter_spacing=&#8221;5px&#8221; custom_margin=&#8221;||0px&#8221; header_font_tablet=&#8221;&#8221; header_font_phone=&#8221;&#8221; header_font_last_edited=&#8221;on|desktop&#8221; global_colors_info=&#8221;{}&#8221;]<\/p>\n<h1>Choose your coffee<\/h1>\n<p>[\/et_pb_text][et_pb_text _builder_version=&#8221;4.16&#8243; text_font=&#8221;dalecafe-main||||||||&#8221; text_text_color=&#8221;#5D4943&#8243; text_line_height=&#8221;0.4em&#8221; header_3_font=&#8221;dalecafe-bold||||||||&#8221; header_3_text_color=&#8221;#679fd4&#8243; header_3_font_size=&#8221;18px&#8221; header_3_line_height=&#8221;1.2em&#8221; custom_padding=&#8221;||50px||false|false&#8221; text_line_height_tablet=&#8221;&#8221; text_line_height_phone=&#8221;1.7em&#8221; text_line_height_last_edited=&#8221;on|desktop&#8221; global_colors_info=&#8221;{}&#8221;]<\/p>\n<h3 style=\"text-align: center;\">Subscribe in 5 simple steps:<\/h3>\n<p style=\"text-align: center;\"><strong>1.\u00a0<\/strong>Escoge cu\u00e1ntas bolsas de caf\u00e9. | <strong>2.<\/strong> Escoge cada cu\u00e1nto quieres recibir ese paquete |\u00a0<strong>3.\u00a0<\/strong>Escoge tu tipo de molido<\/p>\n<p style=\"text-align: center;\"><strong>4.<\/strong> Escoge tus productos | <strong>5.\u00a0<\/strong>Agrega tu datos de env\u00edo y cobro<\/p>\n<p style=\"text-align: center;\">*Si deseas nosotros elegimos por ti.<\/p>\n<p>[\/et_pb_text][et_pb_text _builder_version=&#8221;4.16&#8243; header_2_font=&#8221;dalecafe-main||||||||&#8221; header_2_text_color=&#8221;#5d4943&#8243; header_2_font_size=&#8221;18px&#8221; custom_margin=&#8221;30px||||false|false&#8221; custom_padding=&#8221;0px|||||&#8221; z_index_tablet=&#8221;500&#8243; text_text_shadow_horizontal_length_tablet=&#8221;0px&#8221; text_text_shadow_vertical_length_tablet=&#8221;0px&#8221; text_text_shadow_blur_strength_tablet=&#8221;1px&#8221; link_text_shadow_horizontal_length_tablet=&#8221;0px&#8221; link_text_shadow_vertical_length_tablet=&#8221;0px&#8221; link_text_shadow_blur_strength_tablet=&#8221;1px&#8221; ul_text_shadow_horizontal_length_tablet=&#8221;0px&#8221; ul_text_shadow_vertical_length_tablet=&#8221;0px&#8221; ul_text_shadow_blur_strength_tablet=&#8221;1px&#8221; ol_text_shadow_horizontal_length_tablet=&#8221;0px&#8221; ol_text_shadow_vertical_length_tablet=&#8221;0px&#8221; ol_text_shadow_blur_strength_tablet=&#8221;1px&#8221; quote_text_shadow_horizontal_length_tablet=&#8221;0px&#8221; quote_text_shadow_vertical_length_tablet=&#8221;0px&#8221; quote_text_shadow_blur_strength_tablet=&#8221;1px&#8221; header_text_shadow_horizontal_length_tablet=&#8221;0px&#8221; header_text_shadow_vertical_length_tablet=&#8221;0px&#8221; header_text_shadow_blur_strength_tablet=&#8221;1px&#8221; header_2_text_shadow_horizontal_length_tablet=&#8221;0px&#8221; header_2_text_shadow_vertical_length_tablet=&#8221;0px&#8221; header_2_text_shadow_blur_strength_tablet=&#8221;1px&#8221; header_3_text_shadow_horizontal_length_tablet=&#8221;0px&#8221; header_3_text_shadow_vertical_length_tablet=&#8221;0px&#8221; header_3_text_shadow_blur_strength_tablet=&#8221;1px&#8221; header_4_text_shadow_horizontal_length_tablet=&#8221;0px&#8221; header_4_text_shadow_vertical_length_tablet=&#8221;0px&#8221; header_4_text_shadow_blur_strength_tablet=&#8221;1px&#8221; header_5_text_shadow_horizontal_length_tablet=&#8221;0px&#8221; header_5_text_shadow_vertical_length_tablet=&#8221;0px&#8221; header_5_text_shadow_blur_strength_tablet=&#8221;1px&#8221; header_6_text_shadow_horizontal_length_tablet=&#8221;0px&#8221; header_6_text_shadow_vertical_length_tablet=&#8221;0px&#8221; header_6_text_shadow_blur_strength_tablet=&#8221;1px&#8221; box_shadow_horizontal_tablet=&#8221;0px&#8221; box_shadow_vertical_tablet=&#8221;0px&#8221; box_shadow_blur_tablet=&#8221;40px&#8221; box_shadow_spread_tablet=&#8221;0px&#8221; global_colors_info=&#8221;{}&#8221;][\/et_pb_text][\/et_pb_column][\/et_pb_row][\/et_pb_section]<\/p>\n","protected":false},"excerpt":{"rendered":"<p>Choose your coffee Subscribe in 5 simple steps: 1.\u00a0Escoge cu\u00e1ntas bolsas de caf\u00e9. | 2. Escoge cada cu\u00e1nto quieres recibir ese paquete |\u00a03.\u00a0Escoge tu tipo de molido 4. Escoge tus productos | 5.\u00a0Agrega tu datos de env\u00edo y cobro *Si deseas nosotros elegimos por ti.<\/p>\n","protected":false},"featured_media":0,"template":"","meta":{"_et_pb_use_builder":"on","_et_pb_old_content":"","_et_gb_content_width":""},"product_cat":[90],"product_tag":[],"class_list":{"0":"post-216253","1":"product","2":"type-product","3":"status-publish","5":"product_cat-suscripciones-en","6":"tm-has-styled-variations","7":"tm-has-options","9":"first","10":"instock","11":"shipping-taxable","12":"purchasable","13":"product-type-variable-subscription","14":"has-default-attributes"},"yoast_head":"<!-- This site is optimized with the Yoast SEO plugin v21.9.1 - https:\/\/yoast.com\/wordpress\/plugins\/seo\/ -->\n<title>Subscription - Dale Caf\u00e9 Internacional<\/title>\n<meta name=\"robots\" content=\"noindex, follow\" \/>\n<meta property=\"og:locale\" content=\"en_US\" \/>\n<meta property=\"og:type\" content=\"article\" \/>\n<meta property=\"og:title\" content=\"Subscription - Dale Caf\u00e9 Internacional\" \/>\n<meta property=\"og:description\" content=\"Choose your coffee Subscribe in 5 simple steps: 1.\u00a0Escoge cu\u00e1ntas bolsas de caf\u00e9. | 2. Escoge cada cu\u00e1nto quieres recibir ese paquete |\u00a03.\u00a0Escoge tu tipo de molido 4. Escoge tus productos | 5.\u00a0Agrega tu datos de env\u00edo y cobro *Si deseas nosotros elegimos por ti.\" \/>\n<meta property=\"og:url\" content=\"https:\/\/dalecafe.com\/en\/product\/suscripcion\/\" \/>\n<meta property=\"og:site_name\" content=\"Dale Caf\u00e9 Internacional\" \/>\n<meta property=\"article:modified_time\" content=\"2025-12-06T17:49:12+00:00\" \/>\n<meta name=\"twitter:card\" content=\"summary_large_image\" \/>\n<meta name=\"twitter:label1\" content=\"Est. reading time\" \/>\n\t<meta name=\"twitter:data1\" content=\"1 minute\" \/>\n<script type=\"application\/ld+json\" class=\"yoast-schema-graph\">{\"@context\":\"https:\/\/schema.org\",\"@graph\":[{\"@type\":\"WebPage\",\"@id\":\"https:\/\/dalecafe.com\/en\/product\/suscripcion\/\",\"url\":\"https:\/\/dalecafe.com\/en\/product\/suscripcion\/\",\"name\":\"Subscription - Dale Caf\u00e9 Internacional\",\"isPartOf\":{\"@id\":\"https:\/\/dalecafe.com\/#website\"},\"datePublished\":\"2019-11-08T18:27:15+00:00\",\"dateModified\":\"2025-12-06T17:49:12+00:00\",\"breadcrumb\":{\"@id\":\"https:\/\/dalecafe.com\/en\/product\/suscripcion\/#breadcrumb\"},\"inLanguage\":\"en-US\",\"potentialAction\":[{\"@type\":\"ReadAction\",\"target\":[\"https:\/\/dalecafe.com\/en\/product\/suscripcion\/\"]}]},{\"@type\":\"BreadcrumbList\",\"@id\":\"https:\/\/dalecafe.com\/en\/product\/suscripcion\/#breadcrumb\",\"itemListElement\":[{\"@type\":\"ListItem\",\"position\":1,\"name\":\"Home\",\"item\":\"https:\/\/dalecafe.com\/\"},{\"@type\":\"ListItem\",\"position\":2,\"name\":\"Shop\",\"item\":\"https:\/\/dalecafe.com\/shop\/\"},{\"@type\":\"ListItem\",\"position\":3,\"name\":\"Subscription\"}]},{\"@type\":\"WebSite\",\"@id\":\"https:\/\/dalecafe.com\/#website\",\"url\":\"https:\/\/dalecafe.com\/\",\"name\":\"Dale Caf\u00e9 Internacional\",\"description\":\"Specialty coffee at home delivered fresh directly from Guatemalan producers\",\"publisher\":{\"@id\":\"https:\/\/dalecafe.com\/#organization\"},\"potentialAction\":[{\"@type\":\"SearchAction\",\"target\":{\"@type\":\"EntryPoint\",\"urlTemplate\":\"https:\/\/dalecafe.com\/?s={search_term_string}\"},\"query-input\":\"required name=search_term_string\"}],\"inLanguage\":\"en-US\"},{\"@type\":\"Organization\",\"@id\":\"https:\/\/dalecafe.com\/#organization\",\"name\":\"Dale Caf\u00e9\",\"url\":\"https:\/\/dalecafe.com\/\",\"logo\":{\"@type\":\"ImageObject\",\"inLanguage\":\"en-US\",\"@id\":\"https:\/\/dalecafe.com\/#\/schema\/logo\/image\/\",\"url\":\"https:\/\/dalecafe.com\/wp-content\/uploads\/2019\/06\/logo-dark.png\",\"contentUrl\":\"https:\/\/dalecafe.com\/wp-content\/uploads\/2019\/06\/logo-dark.png\",\"width\":207,\"height\":170,\"caption\":\"Dale Caf\u00e9\"},\"image\":{\"@id\":\"https:\/\/dalecafe.com\/#\/schema\/logo\/image\/\"}}]}<\/script>\n<!-- \/ Yoast SEO plugin. -->","yoast_head_json":{"title":"Subscription - Dale Caf\u00e9 Internacional","robots":{"index":"noindex","follow":"follow"},"og_locale":"en_US","og_type":"article","og_title":"Subscription - Dale Caf\u00e9 Internacional","og_description":"Choose your coffee Subscribe in 5 simple steps: 1.\u00a0Escoge cu\u00e1ntas bolsas de caf\u00e9. | 2. Escoge cada cu\u00e1nto quieres recibir ese paquete |\u00a03.\u00a0Escoge tu tipo de molido 4. Escoge tus productos | 5.\u00a0Agrega tu datos de env\u00edo y cobro *Si deseas nosotros elegimos por ti.","og_url":"https:\/\/dalecafe.com\/en\/product\/suscripcion\/","og_site_name":"Dale Caf\u00e9 Internacional","article_modified_time":"2025-12-06T17:49:12+00:00","twitter_card":"summary_large_image","twitter_misc":{"Est. reading time":"1 minute"},"schema":{"@context":"https:\/\/schema.org","@graph":[{"@type":"WebPage","@id":"https:\/\/dalecafe.com\/en\/product\/suscripcion\/","url":"https:\/\/dalecafe.com\/en\/product\/suscripcion\/","name":"Subscription - Dale Caf\u00e9 Internacional","isPartOf":{"@id":"https:\/\/dalecafe.com\/#website"},"datePublished":"2019-11-08T18:27:15+00:00","dateModified":"2025-12-06T17:49:12+00:00","breadcrumb":{"@id":"https:\/\/dalecafe.com\/en\/product\/suscripcion\/#breadcrumb"},"inLanguage":"en-US","potentialAction":[{"@type":"ReadAction","target":["https:\/\/dalecafe.com\/en\/product\/suscripcion\/"]}]},{"@type":"BreadcrumbList","@id":"https:\/\/dalecafe.com\/en\/product\/suscripcion\/#breadcrumb","itemListElement":[{"@type":"ListItem","position":1,"name":"Home","item":"https:\/\/dalecafe.com\/"},{"@type":"ListItem","position":2,"name":"Shop","item":"https:\/\/dalecafe.com\/shop\/"},{"@type":"ListItem","position":3,"name":"Subscription"}]},{"@type":"WebSite","@id":"https:\/\/dalecafe.com\/#website","url":"https:\/\/dalecafe.com\/","name":"Dale Caf\u00e9 Internacional","description":"Specialty coffee at home delivered fresh directly from Guatemalan producers","publisher":{"@id":"https:\/\/dalecafe.com\/#organization"},"potentialAction":[{"@type":"SearchAction","target":{"@type":"EntryPoint","urlTemplate":"https:\/\/dalecafe.com\/?s={search_term_string}"},"query-input":"required name=search_term_string"}],"inLanguage":"en-US"},{"@type":"Organization","@id":"https:\/\/dalecafe.com\/#organization","name":"Dale Caf\u00e9","url":"https:\/\/dalecafe.com\/","logo":{"@type":"ImageObject","inLanguage":"en-US","@id":"https:\/\/dalecafe.com\/#\/schema\/logo\/image\/","url":"https:\/\/dalecafe.com\/wp-content\/uploads\/2019\/06\/logo-dark.png","contentUrl":"https:\/\/dalecafe.com\/wp-content\/uploads\/2019\/06\/logo-dark.png","width":207,"height":170,"caption":"Dale Caf\u00e9"},"image":{"@id":"https:\/\/dalecafe.com\/#\/schema\/logo\/image\/"}}]}},"_links":{"self":[{"href":"https:\/\/dalecafe.com\/en\/wp-json\/wp\/v2\/product\/216253"}],"collection":[{"href":"https:\/\/dalecafe.com\/en\/wp-json\/wp\/v2\/product"}],"about":[{"href":"https:\/\/dalecafe.com\/en\/wp-json\/wp\/v2\/types\/product"}],"wp:attachment":[{"href":"https:\/\/dalecafe.com\/en\/wp-json\/wp\/v2\/media?parent=216253"}],"wp:term":[{"taxonomy":"product_cat","embeddable":true,"href":"https:\/\/dalecafe.com\/en\/wp-json\/wp\/v2\/product_cat?post=216253"},{"taxonomy":"product_tag","embeddable":true,"href":"https:\/\/dalecafe.com\/en\/wp-json\/wp\/v2\/product_tag?post=216253"}],"curies":[{"name":"wp","href":"https:\/\/api.w.org\/{rel}","templated":true}]}}